{"id":11,"date":"2023-03-04T09:05:31","date_gmt":"2023-03-04T09:05:31","guid":{"rendered":"http:\/\/www.norluk.pl\/?page_id=11"},"modified":"2024-10-27T10:27:01","modified_gmt":"2024-10-27T10:27:01","slug":"o-mnie","status":"publish","type":"page","link":"https:\/\/www.norluk.pl\/","title":{"rendered":"O mnie"},"content":{"rendered":"\n<p class=\"has-text-align-center has-medium-font-size\"><em><strong>Moj\u0105 misj\u0105 jest poprawa kondycji psychicznej i fizycznej poprzez holistyczne podej\u015bcie do masa\u017cu, w kt\u00f3rego centrum jeste\u015b <\/strong><\/em><\/p>\n\n\n\n<p class=\"has-text-align-center has-large-font-size\"><em><strong>Ty.<\/strong><\/em><\/p>\n\n\n\n<p><\/p>\n\n\n\n<p><\/p>\n\n\n\n<p>Norluk massage to przestrze\u0144, w kt\u00f3rej poczujesz harmoni\u0119 i holistyczne podej\u015bcie do Twoich potrzeb. W atmosferze spokoju i odpr\u0119\u017cenia znajdziesz czas wy\u0142\u0105cznie dla siebie.<\/p>\n\n\n\n<p><\/p>\n\n\n\n<p><\/p>\n\n\n\n<p>Masa\u017ce wykonywane s\u0105 z nale\u017cytym poszanowaniem, wyciszeniem i opraw\u0105 muzyczno\u2013aromatyczn\u0105. Wszystkie zabiegi wykonywane s\u0105 w oparciu o najwy\u017cszej jako\u015bci preparaty.<\/p>\n\n\n\n<figure class=\"is-layout-flex wp-block-gallery-1 wp-block-gallery has-nested-images columns-default is-cropped\">\n<figure class=\"wp-block-image size-large\"><img decoding=\"async\" loading=\"lazy\" width=\"684\" height=\"1024\" data-id=\"273\"  src=\"https:\/\/www.norluk.pl\/wp-content\/uploads\/2024\/10\/masaz-105-684x1024.jpg\" alt=\"\" class=\"wp-image-273\" srcset=\"https:\/\/www.norluk.pl\/wp-content\/uploads\/2024\/10\/masaz-105-684x1024.jpg 684w, https:\/\/www.norluk.pl\/wp-content\/uploads\/2024\/10\/masaz-105-200x300.jpg 200w, https:\/\/www.norluk.pl\/wp-content\/uploads\/2024\/10\/masaz-105-768x1150.jpg 768w, https:\/\/www.norluk.pl\/wp-content\/uploads\/2024\/10\/masaz-105-1025x1536.jpg 1025w, https:\/\/www.norluk.pl\/wp-content\/uploads\/2024\/10\/masaz-105-1367x2048.jpg 1367w, https:\/\/www.norluk.pl\/wp-content\/uploads\/2024\/10\/masaz-105-1x1.jpg 1w, https:\/\/www.norluk.pl\/wp-content\/uploads\/2024\/10\/masaz-105-scaled.jpg 1709w\" sizes=\"(max-width: 684px) 100vw, 684px\" \/><figcaption class=\"wp-element-caption\">\u0141ukasz Nowrocki<\/figcaption><\/figure>\n<\/figure>\n\n\n\n<p><\/p>\n","protected":false},"excerpt":{"rendered":"<p>Moj\u0105 misj\u0105 jest poprawa kondycji psychicznej i fizycznej poprzez holistyczne podej\u015bcie do masa\u017cu, w kt\u00f3rego centrum jeste\u015b Ty. Norluk massage to przestrze\u0144, w kt\u00f3rej poczujesz harmoni\u0119 i holistyczne podej\u015bcie do Twoich potrzeb. W atmosferze spokoju i odpr\u0119\u017cenia znajdziesz czas wy\u0142\u0105cznie dla siebie. Masa\u017ce wykonywane s\u0105 z nale\u017cytym poszanowaniem, wyciszeniem i opraw\u0105 muzyczno\u2013aromatyczn\u0105. Wszystkie zabiegi wykonywane [&hellip;]<\/p>\n","protected":false},"author":1,"featured_media":0,"parent":0,"menu_order":0,"comment_status":"closed","ping_status":"closed","template":"","meta":[],"_links":{"self":[{"href":"https:\/\/www.norluk.pl\/index.php?rest_route=\/wp\/v2\/pages\/11"}],"collection":[{"href":"https:\/\/www.norluk.pl\/index.php?rest_route=\/wp\/v2\/pages"}],"about":[{"href":"https:\/\/www.norluk.pl\/index.php?rest_route=\/wp\/v2\/types\/page"}],"author":[{"embeddable":true,"href":"https:\/\/www.norluk.pl\/index.php?rest_route=\/wp\/v2\/users\/1"}],"replies":[{"embeddable":true,"href":"https:\/\/www.norluk.pl\/index.php?rest_route=%2Fwp%2Fv2%2Fcomments&post=11"}],"version-history":[{"count":21,"href":"https:\/\/www.norluk.pl\/index.php?rest_route=\/wp\/v2\/pages\/11\/revisions"}],"predecessor-version":[{"id":274,"href":"https:\/\/www.norluk.pl\/index.php?rest_route=\/wp\/v2\/pages\/11\/revisions\/274"}],"wp:attachment":[{"href":"https:\/\/www.norluk.pl\/index.php?rest_route=%2Fwp%2Fv2%2Fmedia&parent=11"}],"curies":[{"name":"wp","href":"https:\/\/api.w.org\/{rel}","templated":true}]}}