{"id":45,"date":"2023-03-04T09:54:04","date_gmt":"2023-03-04T09:54:04","guid":{"rendered":"http:\/\/www.norluk.pl\/?page_id=45"},"modified":"2023-04-13T06:37:51","modified_gmt":"2023-04-13T06:37:51","slug":"masaze","status":"publish","type":"page","link":"https:\/\/www.norluk.pl\/?page_id=45","title":{"rendered":"Masa\u017ce"},"content":{"rendered":"\n<p>Masa\u017c to najwspanialsza droga do bycia szcz\u0119\u015bliwym. Norluk massage oferuje Ci wszystko czego Ci potrzeba. Relaks po\u0142\u0105czony z popraw\u0105 kondycji Twojego cia\u0142a. W sk\u0142ad masa\u017cy jakie oferuj\u0119 to:<\/p>\n\n\n\n<p>Kobido<\/p>\n\n\n\n<p>Lomi Lomi Nui<\/p>\n\n\n\n<p>Refleksologia st\u00f3p<\/p>\n\n\n\n<p>Relaksacyjny<\/p>\n","protected":false},"excerpt":{"rendered":"<p>Masa\u017c to najwspanialsza droga do bycia szcz\u0119\u015bliwym. Norluk massage oferuje Ci wszystko czego Ci potrzeba. Relaks po\u0142\u0105czony z popraw\u0105 kondycji Twojego cia\u0142a. W sk\u0142ad masa\u017cy jakie oferuj\u0119 to: Kobido Lomi Lomi Nui Refleksologia st\u00f3p Relaksacyjny<\/p>\n","protected":false},"author":1,"featured_media":0,"parent":0,"menu_order":0,"comment_status":"closed","ping_status":"closed","template":"","meta":[],"_links":{"self":[{"href":"https:\/\/www.norluk.pl\/index.php?rest_route=\/wp\/v2\/pages\/45"}],"collection":[{"href":"https:\/\/www.norluk.pl\/index.php?rest_route=\/wp\/v2\/pages"}],"about":[{"href":"https:\/\/www.norluk.pl\/index.php?rest_route=\/wp\/v2\/types\/page"}],"author":[{"embeddable":true,"href":"https:\/\/www.norluk.pl\/index.php?rest_route=\/wp\/v2\/users\/1"}],"replies":[{"embeddable":true,"href":"https:\/\/www.norluk.pl\/index.php?rest_route=%2Fwp%2Fv2%2Fcomments&post=45"}],"version-history":[{"count":3,"href":"https:\/\/www.norluk.pl\/index.php?rest_route=\/wp\/v2\/pages\/45\/revisions"}],"predecessor-version":[{"id":263,"href":"https:\/\/www.norluk.pl\/index.php?rest_route=\/wp\/v2\/pages\/45\/revisions\/263"}],"wp:attachment":[{"href":"https:\/\/www.norluk.pl\/index.php?rest_route=%2Fwp%2Fv2%2Fmedia&parent=45"}],"curies":[{"name":"wp","href":"https:\/\/api.w.org\/{rel}","templated":true}]}}