{"id":48,"date":"2023-03-04T09:56:06","date_gmt":"2023-03-04T09:56:06","guid":{"rendered":"http:\/\/www.norluk.pl\/?page_id=48"},"modified":"2025-12-16T18:12:50","modified_gmt":"2025-12-16T18:12:50","slug":"lomi-lomi","status":"publish","type":"page","link":"https:\/\/www.norluk.pl\/?page_id=48","title":{"rendered":"Lomi lomi Nui"},"content":{"rendered":"\n<p class=\"has-text-align-center\">Hawajski masa\u017c cia\u0142a inspirowany filozofi\u0105 staro\u017cytnych Hun\u00f3w, pozwalaj\u0105cy odzyska\u0107 harmoni\u0119<br>i zregenerowa\u0107 si\u0142y witalne cia\u0142a. <\/p>\n\n\n\n<p class=\"has-text-align-left\">Powszechnie uznany za g\u0142\u0119boko uzdrawiaj\u0105c\u0105 form\u0119 masa\u017cu. Pomaga likwidowa\u0107 napi\u0119cia i odzyska\u0107 r\u00f3wnowag\u0119 ducha. D\u0142ugie i p\u0142ynne ruchy, sprawiaj\u0105, \u017ce masowana osoba do\u015bwiadcza g\u0142\u0119bokiej relaksacji. Mi\u0119\u015bnie wok\u00f3\u0142 g\u0142\u00f3wnych staw\u00f3w cia\u0142a s\u0105 rozci\u0105gane, co znacznie wp\u0142ywa na popraw\u0119 zakresu ruch\u00f3w. Masa\u017c Lomi Lomi relaksuje i uspokaja. Poprawia tak\u017ce kr\u0105\u017cenie krwi. Jest idealnym rozwi\u0105zaniem dla os\u00f3b, kt\u00f3re \u017cyj\u0105 w du\u017cym stresie<\/p>\n\n\n\n<p class=\"has-text-align-center\"><strong><span style=\"text-decoration: underline;\">Koszt masa\u017cu 300 z\u0142 <\/span><\/strong>\/ 2 h<\/p>\n\n\n\n<figure class=\"is-layout-flex wp-block-gallery-1 wp-block-gallery has-nested-images columns-default is-cropped\">\n<figure class=\"wp-block-image size-large\"><img decoding=\"async\" loading=\"lazy\" width=\"1024\" height=\"684\" data-id=\"276\"  src=\"https:\/\/www.norluk.pl\/wp-content\/uploads\/2024\/10\/to4-1024x684.jpg\" alt=\"\" class=\"wp-image-276\" srcset=\"https:\/\/www.norluk.pl\/wp-content\/uploads\/2024\/10\/to4-1024x684.jpg 1024w, https:\/\/www.norluk.pl\/wp-content\/uploads\/2024\/10\/to4-300x200.jpg 300w, https:\/\/www.norluk.pl\/wp-content\/uploads\/2024\/10\/to4-768x513.jpg 768w, https:\/\/www.norluk.pl\/wp-content\/uploads\/2024\/10\/to4-1536x1025.jpg 1536w, https:\/\/www.norluk.pl\/wp-content\/uploads\/2024\/10\/to4-2048x1367.jpg 2048w, https:\/\/www.norluk.pl\/wp-content\/uploads\/2024\/10\/to4-1x1.jpg 1w\" sizes=\"(max-width: 1024px) 100vw, 1024px\" \/><figcaption class=\"wp-element-caption\">Norluk Massage Lomi Lomi Nui<\/figcaption><\/figure>\n<\/figure>\n","protected":false},"excerpt":{"rendered":"<p>Hawajski masa\u017c cia\u0142a inspirowany filozofi\u0105 staro\u017cytnych Hun\u00f3w, pozwalaj\u0105cy odzyska\u0107 harmoni\u0119i zregenerowa\u0107 si\u0142y witalne cia\u0142a. Powszechnie uznany za g\u0142\u0119boko uzdrawiaj\u0105c\u0105 form\u0119 masa\u017cu. Pomaga likwidowa\u0107 napi\u0119cia i odzyska\u0107 r\u00f3wnowag\u0119 ducha. D\u0142ugie i p\u0142ynne ruchy, sprawiaj\u0105, \u017ce masowana osoba do\u015bwiadcza g\u0142\u0119bokiej relaksacji. Mi\u0119\u015bnie wok\u00f3\u0142 g\u0142\u00f3wnych staw\u00f3w cia\u0142a s\u0105 rozci\u0105gane, co znacznie wp\u0142ywa na popraw\u0119 zakresu ruch\u00f3w. Masa\u017c Lomi [&hellip;]<\/p>\n","protected":false},"author":1,"featured_media":0,"parent":45,"menu_order":0,"comment_status":"closed","ping_status":"closed","template":"","meta":[],"_links":{"self":[{"href":"https:\/\/www.norluk.pl\/index.php?rest_route=\/wp\/v2\/pages\/48"}],"collection":[{"href":"https:\/\/www.norluk.pl\/index.php?rest_route=\/wp\/v2\/pages"}],"about":[{"href":"https:\/\/www.norluk.pl\/index.php?rest_route=\/wp\/v2\/types\/page"}],"author":[{"embeddable":true,"href":"https:\/\/www.norluk.pl\/index.php?rest_route=\/wp\/v2\/users\/1"}],"replies":[{"embeddable":true,"href":"https:\/\/www.norluk.pl\/index.php?rest_route=%2Fwp%2Fv2%2Fcomments&post=48"}],"version-history":[{"count":9,"href":"https:\/\/www.norluk.pl\/index.php?rest_route=\/wp\/v2\/pages\/48\/revisions"}],"predecessor-version":[{"id":281,"href":"https:\/\/www.norluk.pl\/index.php?rest_route=\/wp\/v2\/pages\/48\/revisions\/281"}],"up":[{"embeddable":true,"href":"https:\/\/www.norluk.pl\/index.php?rest_route=\/wp\/v2\/pages\/45"}],"wp:attachment":[{"href":"https:\/\/www.norluk.pl\/index.php?rest_route=%2Fwp%2Fv2%2Fmedia&parent=48"}],"curies":[{"name":"wp","href":"https:\/\/api.w.org\/{rel}","templated":true}]}}