{"id":50,"date":"2023-03-04T09:56:40","date_gmt":"2023-03-04T09:56:40","guid":{"rendered":"http:\/\/www.norluk.pl\/?page_id=50"},"modified":"2025-12-16T18:21:16","modified_gmt":"2025-12-16T18:21:16","slug":"refleksologia-stop","status":"publish","type":"page","link":"https:\/\/www.norluk.pl\/?page_id=50","title":{"rendered":"Refleksologia st\u00f3p"},"content":{"rendered":"\n<p class=\"has-text-align-center\">Refleksologia st\u00f3p jest rodzajem masa\u017cu leczniczego, a zarazem relaksacyjnego, wywodz\u0105cego si\u0119<br>z Tradycyjnej Medycyny Chi\u0144skiej (TCM). <\/p>\n\n\n\n<p>Ta holistyczna metoda lecznicza potrafi pom\u00f3c w wielu schorzeniach. W trakcie zabiegu refleksolog uciska okre\u015blone punkty refleksoryczne na stopach, odpowiadaj\u0105ce za poszczeg\u00f3lne narz\u0105dy cia\u0142a. Stymuluj\u0105c okre\u015blone receptory, aktywujemy proces samoleczenia organizmu, prowadz\u0105c tym samym do przywr\u00f3cenia wewn\u0119trznej r\u00f3wnowagi (homeostazy)<\/p>\n\n\n\n<p class=\"has-text-align-center\"><strong><span style=\"text-decoration: underline;\">Koszt masa\u017cu 180 z\u0142 <\/span><\/strong>\/ 1,5 h<\/p>\n\n\n\n<figure class=\"is-layout-flex wp-block-gallery-1 wp-block-gallery has-nested-images columns-default is-cropped\">\n<figure class=\"wp-block-image size-large\"><img decoding=\"async\" loading=\"lazy\" width=\"684\" height=\"1024\" data-id=\"201\"  src=\"http:\/\/www.norluk.pl\/wp-content\/uploads\/2023\/04\/pexels-anete-lusina-52406421-684x1024.jpg\" alt=\"\" class=\"wp-image-201\" srcset=\"https:\/\/www.norluk.pl\/wp-content\/uploads\/2023\/04\/pexels-anete-lusina-52406421-684x1024.jpg 684w, https:\/\/www.norluk.pl\/wp-content\/uploads\/2023\/04\/pexels-anete-lusina-52406421-200x300.jpg 200w, https:\/\/www.norluk.pl\/wp-content\/uploads\/2023\/04\/pexels-anete-lusina-52406421-768x1150.jpg 768w, https:\/\/www.norluk.pl\/wp-content\/uploads\/2023\/04\/pexels-anete-lusina-52406421-1025x1536.jpg 1025w, https:\/\/www.norluk.pl\/wp-content\/uploads\/2023\/04\/pexels-anete-lusina-52406421-1367x2048.jpg 1367w, https:\/\/www.norluk.pl\/wp-content\/uploads\/2023\/04\/pexels-anete-lusina-52406421-1x1.jpg 1w, https:\/\/www.norluk.pl\/wp-content\/uploads\/2023\/04\/pexels-anete-lusina-52406421-scaled.jpg 1709w\" sizes=\"(max-width: 684px) 100vw, 684px\" \/><figcaption class=\"wp-element-caption\">refleksologia st\u00f3p<\/figcaption><\/figure>\n<\/figure>\n","protected":false},"excerpt":{"rendered":"<p>Refleksologia st\u00f3p jest rodzajem masa\u017cu leczniczego, a zarazem relaksacyjnego, wywodz\u0105cego si\u0119z Tradycyjnej Medycyny Chi\u0144skiej (TCM). Ta holistyczna metoda lecznicza potrafi pom\u00f3c w wielu schorzeniach. W trakcie zabiegu refleksolog uciska okre\u015blone punkty refleksoryczne na stopach, odpowiadaj\u0105ce za poszczeg\u00f3lne narz\u0105dy cia\u0142a. Stymuluj\u0105c okre\u015blone receptory, aktywujemy proces samoleczenia organizmu, prowadz\u0105c tym samym do przywr\u00f3cenia wewn\u0119trznej r\u00f3wnowagi (homeostazy) Koszt [&hellip;]<\/p>\n","protected":false},"author":1,"featured_media":0,"parent":45,"menu_order":0,"comment_status":"closed","ping_status":"closed","template":"","meta":[],"_links":{"self":[{"href":"https:\/\/www.norluk.pl\/index.php?rest_route=\/wp\/v2\/pages\/50"}],"collection":[{"href":"https:\/\/www.norluk.pl\/index.php?rest_route=\/wp\/v2\/pages"}],"about":[{"href":"https:\/\/www.norluk.pl\/index.php?rest_route=\/wp\/v2\/types\/page"}],"author":[{"embeddable":true,"href":"https:\/\/www.norluk.pl\/index.php?rest_route=\/wp\/v2\/users\/1"}],"replies":[{"embeddable":true,"href":"https:\/\/www.norluk.pl\/index.php?rest_route=%2Fwp%2Fv2%2Fcomments&post=50"}],"version-history":[{"count":12,"href":"https:\/\/www.norluk.pl\/index.php?rest_route=\/wp\/v2\/pages\/50\/revisions"}],"predecessor-version":[{"id":283,"href":"https:\/\/www.norluk.pl\/index.php?rest_route=\/wp\/v2\/pages\/50\/revisions\/283"}],"up":[{"embeddable":true,"href":"https:\/\/www.norluk.pl\/index.php?rest_route=\/wp\/v2\/pages\/45"}],"wp:attachment":[{"href":"https:\/\/www.norluk.pl\/index.php?rest_route=%2Fwp%2Fv2%2Fmedia&parent=50"}],"curies":[{"name":"wp","href":"https:\/\/api.w.org\/{rel}","templated":true}]}}