{"id":52,"date":"2023-03-04T09:56:50","date_gmt":"2023-03-04T09:56:50","guid":{"rendered":"http:\/\/www.norluk.pl\/?page_id=52"},"modified":"2025-12-16T18:12:24","modified_gmt":"2025-12-16T18:12:24","slug":"kobido","status":"publish","type":"page","link":"https:\/\/www.norluk.pl\/?page_id=52","title":{"rendered":"Kobido"},"content":{"rendered":"\n<p class=\"has-text-align-center\">Pradawny japo\u0144ski masa\u017c twarzy, maj\u0105cy na celu odm\u0142odzenie sk\u00f3ry i op\u00f3\u017anienie procesu starzenia. Inaczej nazywany niechirurgicznym liftingiem twarzy, szyi i dekoltu.<\/p>\n\n\n\n<p><strong>Pozytywne efekty tego masa\u017cu to przede wszystkim:<\/strong><\/p>\n\n\n\n<ul>\n<li>og\u00f3lna poprawa owalu twarzy<\/li>\n\n\n\n<li>relaks, odpr\u0119\u017cenie dla uk\u0142adu nerwowego<\/li>\n\n\n\n<li>eliminacja stresu<\/li>\n\n\n\n<li>uj\u0119drniona cera i du\u017co zdrowszy wygl\u0105d sk\u00f3ry<\/li>\n\n\n\n<li>korekta opadaj\u0105cych powiek<\/li>\n\n\n\n<li>wyg\u0142adzenie, usuni\u0119cie zmarszczek i bruzd mimicznych<\/li>\n<\/ul>\n\n\n\n<p class=\"has-text-align-center\"><strong><span style=\"text-decoration: underline;\">Koszt masa\u017cu: 220 z\u0142<\/span><\/strong> \/ 1,5 h<\/p>\n\n\n\n<figure class=\"is-layout-flex wp-block-gallery-1 wp-block-gallery has-nested-images columns-default is-cropped\">\n<figure class=\"wp-block-image size-large\"><img decoding=\"async\" loading=\"lazy\" width=\"1024\" height=\"683\" data-id=\"205\"  src=\"http:\/\/www.norluk.pl\/wp-content\/uploads\/2023\/04\/pexels-ivan-samkov-5659016-1024x683.jpg\" alt=\"\" class=\"wp-image-205\" srcset=\"https:\/\/www.norluk.pl\/wp-content\/uploads\/2023\/04\/pexels-ivan-samkov-5659016-1024x683.jpg 1024w, https:\/\/www.norluk.pl\/wp-content\/uploads\/2023\/04\/pexels-ivan-samkov-5659016-300x200.jpg 300w, https:\/\/www.norluk.pl\/wp-content\/uploads\/2023\/04\/pexels-ivan-samkov-5659016-768x512.jpg 768w, https:\/\/www.norluk.pl\/wp-content\/uploads\/2023\/04\/pexels-ivan-samkov-5659016-1536x1024.jpg 1536w, https:\/\/www.norluk.pl\/wp-content\/uploads\/2023\/04\/pexels-ivan-samkov-5659016-2048x1365.jpg 2048w, https:\/\/www.norluk.pl\/wp-content\/uploads\/2023\/04\/pexels-ivan-samkov-5659016-1x1.jpg 1w\" sizes=\"(max-width: 1024px) 100vw, 1024px\" \/><figcaption class=\"wp-element-caption\">Masa\u017c Kobido Norluk Massage<\/figcaption><\/figure>\n<\/figure>\n","protected":false},"excerpt":{"rendered":"<p>Pradawny japo\u0144ski masa\u017c twarzy, maj\u0105cy na celu odm\u0142odzenie sk\u00f3ry i op\u00f3\u017anienie procesu starzenia. Inaczej nazywany niechirurgicznym liftingiem twarzy, szyi i dekoltu. Pozytywne efekty tego masa\u017cu to przede wszystkim: Koszt masa\u017cu: 220 z\u0142 \/ 1,5 h<\/p>\n","protected":false},"author":1,"featured_media":0,"parent":45,"menu_order":0,"comment_status":"closed","ping_status":"closed","template":"","meta":[],"_links":{"self":[{"href":"https:\/\/www.norluk.pl\/index.php?rest_route=\/wp\/v2\/pages\/52"}],"collection":[{"href":"https:\/\/www.norluk.pl\/index.php?rest_route=\/wp\/v2\/pages"}],"about":[{"href":"https:\/\/www.norluk.pl\/index.php?rest_route=\/wp\/v2\/types\/page"}],"author":[{"embeddable":true,"href":"https:\/\/www.norluk.pl\/index.php?rest_route=\/wp\/v2\/users\/1"}],"replies":[{"embeddable":true,"href":"https:\/\/www.norluk.pl\/index.php?rest_route=%2Fwp%2Fv2%2Fcomments&post=52"}],"version-history":[{"count":8,"href":"https:\/\/www.norluk.pl\/index.php?rest_route=\/wp\/v2\/pages\/52\/revisions"}],"predecessor-version":[{"id":280,"href":"https:\/\/www.norluk.pl\/index.php?rest_route=\/wp\/v2\/pages\/52\/revisions\/280"}],"up":[{"embeddable":true,"href":"https:\/\/www.norluk.pl\/index.php?rest_route=\/wp\/v2\/pages\/45"}],"wp:attachment":[{"href":"https:\/\/www.norluk.pl\/index.php?rest_route=%2Fwp%2Fv2%2Fmedia&parent=52"}],"curies":[{"name":"wp","href":"https:\/\/api.w.org\/{rel}","templated":true}]}}