{"id":54,"date":"2023-03-04T09:57:06","date_gmt":"2023-03-04T09:57:06","guid":{"rendered":"http:\/\/www.norluk.pl\/?page_id=54"},"modified":"2025-12-16T18:21:42","modified_gmt":"2025-12-16T18:21:42","slug":"relaksacyjny","status":"publish","type":"page","link":"https:\/\/www.norluk.pl\/?page_id=54","title":{"rendered":"Relaksacyjny"},"content":{"rendered":"\n<p class=\"has-text-align-center\">Masa\u017c ten wprowadza klienta w stan g\u0142\u0119bokiego odpr\u0119\u017cenia i pozwala na zredukowanie stresu.<\/p>\n\n\n\n<p>Dobry masa\u017c relaksacyjny pozwala na osi\u0105gni\u0119cie szeregu dodatkowych korzy\u015bci: uj\u0119drnienie cia\u0142a, uspokojenie uk\u0142adu nerwowego, wzmocnienie mi\u0119\u015bni, usprawnienie kr\u0105\u017cenia. Masa\u017c ten wykonywany jest przy pomocy naturalnych olejk\u00f3w eterycznych wraz ze specjalnie dobran\u0105 muzyk\u0105.<\/p>\n\n\n\n<p class=\"has-text-align-center\"><strong><span style=\"text-decoration: underline;\">Koszt masa\u017cu: 220 z\u0142 \/ 1,5h&nbsp;<\/span><\/strong><\/p>\n\n\n\n<figure class=\"is-layout-flex wp-block-gallery-1 wp-block-gallery has-nested-images columns-default is-cropped\">\n<figure class=\"wp-block-image size-large\"><img decoding=\"async\" loading=\"lazy\" width=\"1024\" height=\"769\" data-id=\"159\"  src=\"http:\/\/www.norluk.pl\/wp-content\/uploads\/2023\/03\/IMG_20220825_190512-1024x769.jpg\" alt=\"\" class=\"wp-image-159\" srcset=\"https:\/\/www.norluk.pl\/wp-content\/uploads\/2023\/03\/IMG_20220825_190512-1024x769.jpg 1024w, https:\/\/www.norluk.pl\/wp-content\/uploads\/2023\/03\/IMG_20220825_190512-300x225.jpg 300w, https:\/\/www.norluk.pl\/wp-content\/uploads\/2023\/03\/IMG_20220825_190512-768x577.jpg 768w, https:\/\/www.norluk.pl\/wp-content\/uploads\/2023\/03\/IMG_20220825_190512-1536x1153.jpg 1536w, https:\/\/www.norluk.pl\/wp-content\/uploads\/2023\/03\/IMG_20220825_190512-2048x1538.jpg 2048w\" sizes=\"(max-width: 1024px) 100vw, 1024px\" \/><figcaption class=\"wp-element-caption\">Masa\u017c Relaksacyjny Norluk Massage<\/figcaption><\/figure>\n<\/figure>\n","protected":false},"excerpt":{"rendered":"<p>Masa\u017c ten wprowadza klienta w stan g\u0142\u0119bokiego odpr\u0119\u017cenia i pozwala na zredukowanie stresu. Dobry masa\u017c relaksacyjny pozwala na osi\u0105gni\u0119cie szeregu dodatkowych korzy\u015bci: uj\u0119drnienie cia\u0142a, uspokojenie uk\u0142adu nerwowego, wzmocnienie mi\u0119\u015bni, usprawnienie kr\u0105\u017cenia. Masa\u017c ten wykonywany jest przy pomocy naturalnych olejk\u00f3w eterycznych wraz ze specjalnie dobran\u0105 muzyk\u0105. Koszt masa\u017cu: 220 z\u0142 \/ 1,5h&nbsp;<\/p>\n","protected":false},"author":1,"featured_media":0,"parent":45,"menu_order":0,"comment_status":"closed","ping_status":"closed","template":"","meta":[],"_links":{"self":[{"href":"https:\/\/www.norluk.pl\/index.php?rest_route=\/wp\/v2\/pages\/54"}],"collection":[{"href":"https:\/\/www.norluk.pl\/index.php?rest_route=\/wp\/v2\/pages"}],"about":[{"href":"https:\/\/www.norluk.pl\/index.php?rest_route=\/wp\/v2\/types\/page"}],"author":[{"embeddable":true,"href":"https:\/\/www.norluk.pl\/index.php?rest_route=\/wp\/v2\/users\/1"}],"replies":[{"embeddable":true,"href":"https:\/\/www.norluk.pl\/index.php?rest_route=%2Fwp%2Fv2%2Fcomments&post=54"}],"version-history":[{"count":9,"href":"https:\/\/www.norluk.pl\/index.php?rest_route=\/wp\/v2\/pages\/54\/revisions"}],"predecessor-version":[{"id":284,"href":"https:\/\/www.norluk.pl\/index.php?rest_route=\/wp\/v2\/pages\/54\/revisions\/284"}],"up":[{"embeddable":true,"href":"https:\/\/www.norluk.pl\/index.php?rest_route=\/wp\/v2\/pages\/45"}],"wp:attachment":[{"href":"https:\/\/www.norluk.pl\/index.php?rest_route=%2Fwp%2Fv2%2Fmedia&parent=54"}],"curies":[{"name":"wp","href":"https:\/\/api.w.org\/{rel}","templated":true}]}}